{"id":15778,"date":"2024-06-13T19:00:42","date_gmt":"2024-06-13T19:00:42","guid":{"rendered":"https:\/\/bilcom.godigi.si\/?post_type=product&#038;p=15778"},"modified":"2024-06-13T19:00:42","modified_gmt":"2024-06-13T19:00:42","slug":"stacionarni-pirometri","status":"publish","type":"product","link":"https:\/\/bilcom.godigi.si\/?product=stacionarni-pirometri","title":{"rendered":"Stacionarni pirometri"},"content":{"rendered":"<p>Stacionarni IR termometer za stalni nadzor proizvodnega procesa in merjenje v razli\u010dnih aplikacijah. Izbirate lahko med \u0161irokih izborom IR stacionarnih merilcev temperature na razli\u010dnih valovnih dol\u017einah in temperaturnih obmo\u010djih.<\/p>\n","protected":false},"excerpt":{"rendered":"<p>Stacionarni IR termometer za stalni nadzor proizvodnega procesa in merjenje v razli\u010dnih aplikacijah. Izbirate lahko med \u0161irokih izborom IR stacionarnih<\/p>\n","protected":false},"featured_media":15779,"comment_status":"open","ping_status":"closed","template":"","meta":[],"product_brand":[],"product_cat":[84,85,87,70],"product_tag":[],"class_list":{"0":"post-15778","1":"product","2":"type-product","3":"status-publish","4":"has-post-thumbnail","6":"product_cat-brezkontaktno-ir-merjenje-temperature","7":"product_cat-pirometri-ir-merilniki","8":"product_cat-stacionarni-pirometri","9":"product_cat-temperatura","11":"first","12":"instock","13":"shipping-taxable","14":"product-type-simple"},"_links":{"self":[{"href":"https:\/\/bilcom.godigi.si\/index.php?rest_route=\/wp\/v2\/product\/15778","targetHints":{"allow":["GET"]}}],"collection":[{"href":"https:\/\/bilcom.godigi.si\/index.php?rest_route=\/wp\/v2\/product"}],"about":[{"href":"https:\/\/bilcom.godigi.si\/index.php?rest_route=\/wp\/v2\/types\/product"}],"replies":[{"embeddable":true,"href":"https:\/\/bilcom.godigi.si\/index.php?rest_route=%2Fwp%2Fv2%2Fcomments&post=15778"}],"version-history":[{"count":1,"href":"https:\/\/bilcom.godigi.si\/index.php?rest_route=\/wp\/v2\/product\/15778\/revisions"}],"predecessor-version":[{"id":15780,"href":"https:\/\/bilcom.godigi.si\/index.php?rest_route=\/wp\/v2\/product\/15778\/revisions\/15780"}],"wp:featuredmedia":[{"embeddable":true,"href":"https:\/\/bilcom.godigi.si\/index.php?rest_route=\/wp\/v2\/media\/15779"}],"wp:attachment":[{"href":"https:\/\/bilcom.godigi.si\/index.php?rest_route=%2Fwp%2Fv2%2Fmedia&parent=15778"}],"wp:term":[{"taxonomy":"product_brand","embeddable":true,"href":"https:\/\/bilcom.godigi.si\/index.php?rest_route=%2Fwp%2Fv2%2Fproduct_brand&post=15778"},{"taxonomy":"product_cat","embeddable":true,"href":"https:\/\/bilcom.godigi.si\/index.php?rest_route=%2Fwp%2Fv2%2Fproduct_cat&post=15778"},{"taxonomy":"product_tag","embeddable":true,"href":"https:\/\/bilcom.godigi.si\/index.php?rest_route=%2Fwp%2Fv2%2Fproduct_tag&post=15778"}],"curies":[{"name":"wp","href":"https:\/\/api.w.org\/{rel}","templated":true}]}}