{"id":15810,"date":"2024-06-13T19:34:04","date_gmt":"2024-06-13T19:34:04","guid":{"rendered":"https:\/\/bilcom.godigi.si\/?post_type=product&#038;p=15810"},"modified":"2024-06-13T19:34:04","modified_gmt":"2024-06-13T19:34:04","slug":"impac-serija-210","status":"publish","type":"product","link":"https:\/\/bilcom.godigi.si\/?product=impac-serija-210","title":{"rendered":"Impac serija 210"},"content":{"rendered":"<p>Infrarde\u010di termometri IMPAC za merjenje temperature\u00a0nekovinskih povr\u0161in, povr\u0161in prevle\u010denih ali prebarvanih z barvo ali eloksiranimi metali\u00a0v temperaturnih obmo\u010djih med -32\u00b0C in 2500\u00b0C.<\/p>\n","protected":false},"excerpt":{"rendered":"<p>Infrarde\u010di termometri IMPAC za merjenje temperature\u00a0nekovinskih povr\u0161in, povr\u0161in prevle\u010denih ali prebarvanih z barvo ali eloksiranimi metali\u00a0v temperaturnih obmo\u010djih med -32\u00b0C<\/p>\n","protected":false},"featured_media":15811,"comment_status":"open","ping_status":"closed","template":"","meta":[],"product_brand":[],"product_cat":[84,89,85,70],"product_tag":[],"class_list":{"0":"post-15810","1":"product","2":"type-product","3":"status-publish","4":"has-post-thumbnail","6":"product_cat-brezkontaktno-ir-merjenje-temperature","7":"product_cat-impac-serija-210","8":"product_cat-pirometri-ir-merilniki","9":"product_cat-temperatura","11":"first","12":"instock","13":"shipping-taxable","14":"product-type-simple"},"_links":{"self":[{"href":"https:\/\/bilcom.godigi.si\/index.php?rest_route=\/wp\/v2\/product\/15810","targetHints":{"allow":["GET"]}}],"collection":[{"href":"https:\/\/bilcom.godigi.si\/index.php?rest_route=\/wp\/v2\/product"}],"about":[{"href":"https:\/\/bilcom.godigi.si\/index.php?rest_route=\/wp\/v2\/types\/product"}],"replies":[{"embeddable":true,"href":"https:\/\/bilcom.godigi.si\/index.php?rest_route=%2Fwp%2Fv2%2Fcomments&post=15810"}],"version-history":[{"count":1,"href":"https:\/\/bilcom.godigi.si\/index.php?rest_route=\/wp\/v2\/product\/15810\/revisions"}],"predecessor-version":[{"id":15812,"href":"https:\/\/bilcom.godigi.si\/index.php?rest_route=\/wp\/v2\/product\/15810\/revisions\/15812"}],"wp:featuredmedia":[{"embeddable":true,"href":"https:\/\/bilcom.godigi.si\/index.php?rest_route=\/wp\/v2\/media\/15811"}],"wp:attachment":[{"href":"https:\/\/bilcom.godigi.si\/index.php?rest_route=%2Fwp%2Fv2%2Fmedia&parent=15810"}],"wp:term":[{"taxonomy":"product_brand","embeddable":true,"href":"https:\/\/bilcom.godigi.si\/index.php?rest_route=%2Fwp%2Fv2%2Fproduct_brand&post=15810"},{"taxonomy":"product_cat","embeddable":true,"href":"https:\/\/bilcom.godigi.si\/index.php?rest_route=%2Fwp%2Fv2%2Fproduct_cat&post=15810"},{"taxonomy":"product_tag","embeddable":true,"href":"https:\/\/bilcom.godigi.si\/index.php?rest_route=%2Fwp%2Fv2%2Fproduct_tag&post=15810"}],"curies":[{"name":"wp","href":"https:\/\/api.w.org\/{rel}","templated":true}]}}