{"id":15830,"date":"2024-06-13T19:46:16","date_gmt":"2024-06-13T19:46:16","guid":{"rendered":"https:\/\/bilcom.godigi.si\/?post_type=product&#038;p=15830"},"modified":"2024-06-13T19:46:34","modified_gmt":"2024-06-13T19:46:34","slug":"pirometer-impac-in-300","status":"publish","type":"product","link":"https:\/\/bilcom.godigi.si\/?product=pirometer-impac-in-300","title":{"rendered":"Pirometer Impac IN 300"},"content":{"rendered":"<p>Majhni, stacionarni infrarde\u010di termometri z dvo \u017ei\u010dno vezavo za\u00a0merjenje temperatur nekovinskih in kovinskih povr\u0161in\u00a0med -20\u00b0C in 600 \u00b0C.<\/p>\n","protected":false},"excerpt":{"rendered":"<p>Majhni, stacionarni infrarde\u010di termometri z dvo \u017ei\u010dno vezavo za\u00a0merjenje temperatur nekovinskih in kovinskih povr\u0161in\u00a0med -20\u00b0C in 600 \u00b0C.<\/p>\n","protected":false},"featured_media":15828,"comment_status":"open","ping_status":"closed","template":"","meta":[],"product_brand":[],"product_cat":[84,90,85,70],"product_tag":[],"class_list":{"0":"post-15830","1":"product","2":"type-product","3":"status-publish","4":"has-post-thumbnail","6":"product_cat-brezkontaktno-ir-merjenje-temperature","7":"product_cat-impac-serija-300-310","8":"product_cat-pirometri-ir-merilniki","9":"product_cat-temperatura","11":"first","12":"instock","13":"shipping-taxable","14":"product-type-simple"},"_links":{"self":[{"href":"https:\/\/bilcom.godigi.si\/index.php?rest_route=\/wp\/v2\/product\/15830","targetHints":{"allow":["GET"]}}],"collection":[{"href":"https:\/\/bilcom.godigi.si\/index.php?rest_route=\/wp\/v2\/product"}],"about":[{"href":"https:\/\/bilcom.godigi.si\/index.php?rest_route=\/wp\/v2\/types\/product"}],"replies":[{"embeddable":true,"href":"https:\/\/bilcom.godigi.si\/index.php?rest_route=%2Fwp%2Fv2%2Fcomments&post=15830"}],"version-history":[{"count":1,"href":"https:\/\/bilcom.godigi.si\/index.php?rest_route=\/wp\/v2\/product\/15830\/revisions"}],"predecessor-version":[{"id":15832,"href":"https:\/\/bilcom.godigi.si\/index.php?rest_route=\/wp\/v2\/product\/15830\/revisions\/15832"}],"wp:featuredmedia":[{"embeddable":true,"href":"https:\/\/bilcom.godigi.si\/index.php?rest_route=\/wp\/v2\/media\/15828"}],"wp:attachment":[{"href":"https:\/\/bilcom.godigi.si\/index.php?rest_route=%2Fwp%2Fv2%2Fmedia&parent=15830"}],"wp:term":[{"taxonomy":"product_brand","embeddable":true,"href":"https:\/\/bilcom.godigi.si\/index.php?rest_route=%2Fwp%2Fv2%2Fproduct_brand&post=15830"},{"taxonomy":"product_cat","embeddable":true,"href":"https:\/\/bilcom.godigi.si\/index.php?rest_route=%2Fwp%2Fv2%2Fproduct_cat&post=15830"},{"taxonomy":"product_tag","embeddable":true,"href":"https:\/\/bilcom.godigi.si\/index.php?rest_route=%2Fwp%2Fv2%2Fproduct_tag&post=15830"}],"curies":[{"name":"wp","href":"https:\/\/api.w.org\/{rel}","templated":true}]}}