{"id":15951,"date":"2024-06-15T07:08:06","date_gmt":"2024-06-15T07:08:06","guid":{"rendered":"https:\/\/bilcom.godigi.si\/?post_type=product&#038;p=15951"},"modified":"2024-06-15T07:08:06","modified_gmt":"2024-06-15T07:08:06","slug":"kalibracijsko-crno-telo-m315-ht","status":"publish","type":"product","link":"https:\/\/bilcom.godigi.si\/?product=kalibracijsko-crno-telo-m315-ht","title":{"rendered":"Kalibracijsko \u010drno telo M315-HT"},"content":{"rendered":"<p>Kompaktno in prenosno kalibracijsko \u010drno telo z izjemno veliko sevalno povr\u0161ino.<br \/>\nTemperaturno obmo\u010dje +5 to 450\u00b0C.<\/p>\n","protected":false},"excerpt":{"rendered":"<p>Kompaktno in prenosno kalibracijsko \u010drno telo z izjemno veliko sevalno povr\u0161ino. Temperaturno obmo\u010dje +5 to 450\u00b0C.<\/p>\n","protected":false},"featured_media":0,"comment_status":"open","ping_status":"closed","template":"","meta":[],"product_brand":[],"product_cat":[84,98,70,95],"product_tag":[],"class_list":{"0":"post-15951","1":"product","2":"type-product","3":"status-publish","5":"product_cat-brezkontaktno-ir-merjenje-temperature","6":"product_cat-kalibracijska-ir-crna-telesa","7":"product_cat-temperatura","8":"product_cat-termografske-kamere","10":"first","11":"instock","12":"shipping-taxable","13":"product-type-simple"},"_links":{"self":[{"href":"https:\/\/bilcom.godigi.si\/index.php?rest_route=\/wp\/v2\/product\/15951","targetHints":{"allow":["GET"]}}],"collection":[{"href":"https:\/\/bilcom.godigi.si\/index.php?rest_route=\/wp\/v2\/product"}],"about":[{"href":"https:\/\/bilcom.godigi.si\/index.php?rest_route=\/wp\/v2\/types\/product"}],"replies":[{"embeddable":true,"href":"https:\/\/bilcom.godigi.si\/index.php?rest_route=%2Fwp%2Fv2%2Fcomments&post=15951"}],"version-history":[{"count":1,"href":"https:\/\/bilcom.godigi.si\/index.php?rest_route=\/wp\/v2\/product\/15951\/revisions"}],"predecessor-version":[{"id":15952,"href":"https:\/\/bilcom.godigi.si\/index.php?rest_route=\/wp\/v2\/product\/15951\/revisions\/15952"}],"wp:attachment":[{"href":"https:\/\/bilcom.godigi.si\/index.php?rest_route=%2Fwp%2Fv2%2Fmedia&parent=15951"}],"wp:term":[{"taxonomy":"product_brand","embeddable":true,"href":"https:\/\/bilcom.godigi.si\/index.php?rest_route=%2Fwp%2Fv2%2Fproduct_brand&post=15951"},{"taxonomy":"product_cat","embeddable":true,"href":"https:\/\/bilcom.godigi.si\/index.php?rest_route=%2Fwp%2Fv2%2Fproduct_cat&post=15951"},{"taxonomy":"product_tag","embeddable":true,"href":"https:\/\/bilcom.godigi.si\/index.php?rest_route=%2Fwp%2Fv2%2Fproduct_tag&post=15951"}],"curies":[{"name":"wp","href":"https:\/\/api.w.org\/{rel}","templated":true}]}}