{"id":16000,"date":"2024-06-15T07:36:27","date_gmt":"2024-06-15T07:36:27","guid":{"rendered":"https:\/\/bilcom.godigi.si\/?post_type=product&#038;p=16000"},"modified":"2024-06-15T07:36:27","modified_gmt":"2024-06-15T07:36:27","slug":"tiristorski-regulator-sipin-1-fazni-3-fazni","status":"publish","type":"product","link":"https:\/\/bilcom.godigi.si\/?product=tiristorski-regulator-sipin-1-fazni-3-fazni","title":{"rendered":"Tiristorski regulator sipin 1 &#8211; fazni &#038; 3 &#8211; fazni"},"content":{"rendered":"<p>V ponudbi regulatorji mo\u010di vam nudimo izvedbe eno faznih ali tri faznih tiristorskih \u00a0regulatorjev. Izbirate lahko med opcijami pro\u017eenja kot so pro\u017eenje skozi &#8216;0&#8217;, izravnavanje napetostnih \u0161pic, Cos \u03c6 , dvo \u017ei\u010dno ali tri \u017ei\u010dno vezavo, tokovna omejitev izhoda in komunikacija RS232 \/ 485. Odli\u010dna kvaliteta in hitra dobava.<\/p>\n","protected":false},"excerpt":{"rendered":"<p>V ponudbi regulatorji mo\u010di vam nudimo izvedbe eno faznih ali tri faznih tiristorskih \u00a0regulatorjev. Izbirate lahko med opcijami pro\u017eenja kot<\/p>\n","protected":false},"featured_media":0,"comment_status":"open","ping_status":"closed","template":"","meta":[],"product_brand":[],"product_cat":[84,106,101,70],"product_tag":[],"class_list":{"0":"post-16000","1":"product","2":"type-product","3":"status-publish","5":"product_cat-brezkontaktno-ir-merjenje-temperature","6":"product_cat-mocnostni-tiristorski-regulatorji","7":"product_cat-regulacija-prikazovanje-zapisovanje-elektricnih-velicin","8":"product_cat-temperatura","10":"first","11":"instock","12":"shipping-taxable","13":"product-type-simple"},"_links":{"self":[{"href":"https:\/\/bilcom.godigi.si\/index.php?rest_route=\/wp\/v2\/product\/16000","targetHints":{"allow":["GET"]}}],"collection":[{"href":"https:\/\/bilcom.godigi.si\/index.php?rest_route=\/wp\/v2\/product"}],"about":[{"href":"https:\/\/bilcom.godigi.si\/index.php?rest_route=\/wp\/v2\/types\/product"}],"replies":[{"embeddable":true,"href":"https:\/\/bilcom.godigi.si\/index.php?rest_route=%2Fwp%2Fv2%2Fcomments&post=16000"}],"version-history":[{"count":1,"href":"https:\/\/bilcom.godigi.si\/index.php?rest_route=\/wp\/v2\/product\/16000\/revisions"}],"predecessor-version":[{"id":16001,"href":"https:\/\/bilcom.godigi.si\/index.php?rest_route=\/wp\/v2\/product\/16000\/revisions\/16001"}],"wp:attachment":[{"href":"https:\/\/bilcom.godigi.si\/index.php?rest_route=%2Fwp%2Fv2%2Fmedia&parent=16000"}],"wp:term":[{"taxonomy":"product_brand","embeddable":true,"href":"https:\/\/bilcom.godigi.si\/index.php?rest_route=%2Fwp%2Fv2%2Fproduct_brand&post=16000"},{"taxonomy":"product_cat","embeddable":true,"href":"https:\/\/bilcom.godigi.si\/index.php?rest_route=%2Fwp%2Fv2%2Fproduct_cat&post=16000"},{"taxonomy":"product_tag","embeddable":true,"href":"https:\/\/bilcom.godigi.si\/index.php?rest_route=%2Fwp%2Fv2%2Fproduct_tag&post=16000"}],"curies":[{"name":"wp","href":"https:\/\/api.w.org\/{rel}","templated":true}]}}