{"id":16005,"date":"2024-06-15T07:39:28","date_gmt":"2024-06-15T07:39:28","guid":{"rendered":"https:\/\/bilcom.godigi.si\/?post_type=product&#038;p=16005"},"modified":"2024-06-15T07:39:28","modified_gmt":"2024-06-15T07:39:28","slug":"ssr-hanyoung","status":"publish","type":"product","link":"https:\/\/bilcom.godigi.si\/?product=ssr-hanyoung","title":{"rendered":"SSR HANYOUNG"},"content":{"rendered":"<p>V na\u0161i rubriki polprevodni\u0161kih relejev SSR vam ponujamo le te z razli\u010dnimi priklju\u010dnimi napetostmi in pro\u017eenjem. Tako so na voljo 1 &#8211; fazni in 3 &#8211; fazni SSR-ji z \u017ee vgrajenimi hladilnimi telesi ali brez. Za dolo\u010dene primere je potrebna \u0161e vgradnja dodatnega ventilatorja. Kot zastopnik za nekatere najbolj priznane proizvajalce na tem podro\u010dju, vam bomo svetovali pri pravi izbiri.<\/p>\n","protected":false},"excerpt":{"rendered":"<p>V na\u0161i rubriki polprevodni\u0161kih relejev SSR vam ponujamo le te z razli\u010dnimi priklju\u010dnimi napetostmi in pro\u017eenjem. Tako so na voljo<\/p>\n","protected":false},"featured_media":0,"comment_status":"open","ping_status":"closed","template":"","meta":[],"product_brand":[],"product_cat":[84,108,101,70],"product_tag":[],"class_list":{"0":"post-16005","1":"product","2":"type-product","3":"status-publish","5":"product_cat-brezkontaktno-ir-merjenje-temperature","6":"product_cat-polprevodniski-releji-ssr-solid-state-relay","7":"product_cat-regulacija-prikazovanje-zapisovanje-elektricnih-velicin","8":"product_cat-temperatura","10":"first","11":"instock","12":"shipping-taxable","13":"product-type-simple"},"_links":{"self":[{"href":"https:\/\/bilcom.godigi.si\/index.php?rest_route=\/wp\/v2\/product\/16005","targetHints":{"allow":["GET"]}}],"collection":[{"href":"https:\/\/bilcom.godigi.si\/index.php?rest_route=\/wp\/v2\/product"}],"about":[{"href":"https:\/\/bilcom.godigi.si\/index.php?rest_route=\/wp\/v2\/types\/product"}],"replies":[{"embeddable":true,"href":"https:\/\/bilcom.godigi.si\/index.php?rest_route=%2Fwp%2Fv2%2Fcomments&post=16005"}],"version-history":[{"count":1,"href":"https:\/\/bilcom.godigi.si\/index.php?rest_route=\/wp\/v2\/product\/16005\/revisions"}],"predecessor-version":[{"id":16006,"href":"https:\/\/bilcom.godigi.si\/index.php?rest_route=\/wp\/v2\/product\/16005\/revisions\/16006"}],"wp:attachment":[{"href":"https:\/\/bilcom.godigi.si\/index.php?rest_route=%2Fwp%2Fv2%2Fmedia&parent=16005"}],"wp:term":[{"taxonomy":"product_brand","embeddable":true,"href":"https:\/\/bilcom.godigi.si\/index.php?rest_route=%2Fwp%2Fv2%2Fproduct_brand&post=16005"},{"taxonomy":"product_cat","embeddable":true,"href":"https:\/\/bilcom.godigi.si\/index.php?rest_route=%2Fwp%2Fv2%2Fproduct_cat&post=16005"},{"taxonomy":"product_tag","embeddable":true,"href":"https:\/\/bilcom.godigi.si\/index.php?rest_route=%2Fwp%2Fv2%2Fproduct_tag&post=16005"}],"curies":[{"name":"wp","href":"https:\/\/api.w.org\/{rel}","templated":true}]}}